{"id":537,"date":"2024-03-18T14:52:48","date_gmt":"2024-03-18T14:52:48","guid":{"rendered":"https:\/\/elnostreraco.cat\/?page_id=537"},"modified":"2024-04-16T06:18:00","modified_gmt":"2024-04-16T06:18:00","slug":"notes-de-premsa","status":"publish","type":"page","link":"https:\/\/elnostreraco.cat\/index.php\/notes-de-premsa\/","title":{"rendered":"Notes de Premsa"},"content":{"rendered":"\n<p><strong><em>04\/04\/2024<\/em><\/strong><\/p>\n\n\n\n<h2 class=\"wp-block-heading\">La Crida Cr\u00edtica de COL\u00b7LAB i El Nostre Rac\u00f3 al Parlament.<\/h2>\n\n\n\n<p>Defensant l&#8217;<strong>habitatge cooperatiu<\/strong> per a persones majors el 4 d&#8217;abril de 2024, en una jornada clau al Parlament, <strong>El Nostre Rac\u00f3<\/strong>, en representaci\u00f3 pr\u00f2pia i tamb\u00e9 de COL\u00b7LAB, va compar\u00e8ixer davant dels representants legislatius per defensar l&#8217;habitatge cooperatiu per a les persones majors. En el marc de la pon\u00e8ncia de la <strong>Proposici\u00f3 de Llei de la gent gran<\/strong>, es va subratllar la import\u00e0ncia d&#8217;assegurar el envelliment actiu i es va reivindicar la necessitat urgent de promoure models d&#8217;habitatge cooperatiu en cessi\u00f3 d&#8217;\u00fas per a aquest col\u00b7lectiu.<\/p>\n\n\n\n<p>Durant la seva intervenci\u00f3, El Nostre Rac\u00f3 va identificar diversos obstacles que comprometen la viabilitat d&#8217;aquests projectes, com ara l&#8217;escassetat de <strong>cessi\u00f3 de superf\u00edcie<\/strong>, els elevats costos associats a l&#8217;adquisici\u00f3 del terreny i la construcci\u00f3, i la manca d&#8217;inter\u00e8s per part de la banca convencional i \u00e8tica en concedir hipoteques per a <strong>cooperatives d&#8217;habitatges<\/strong> en cessi\u00f3 d&#8217;\u00fas.<\/p>\n\n\n\n<p>Per abordar aquestes q\u00fcestions, El Nostre Rac\u00f3 i COL\u00b7LAB van presentar diverses propostes, incloent la <strong>promoci\u00f3<\/strong> de la cessi\u00f3 de solars per part dels ajuntaments, la revisi\u00f3 dels concursos p\u00fablics en cessi\u00f3 de superf\u00edcie, l<strong>&#8216;increment de subvencions<\/strong> a les cooperatives d&#8217;habitatges, i la incentivaci\u00f3 de les entitats banc\u00e0ries per atorgar pr\u00e9stecs hipotecaris.<\/p>\n\n\n\n<p>A m\u00e9s, es van exposar propostes per garantir el dret a una mort digna, incloent-hi l&#8217;acc\u00e9s a l&#8217;ajuda per morir segons el previst en la Llei Org\u00e0nica 3\/2021 de Regulaci\u00f3 de l&#8217;Eutan\u00e0sia.<\/p>\n\n\n\n<p>La participaci\u00f3 d&#8217;El Nostre Rac\u00f3 en representaci\u00f3 de COL\u00b7LAB al Parlament va destacar la urg\u00e8ncia d&#8217;abordar les necessitats d&#8217;<strong>habitatge del col\u00b7lectiu<\/strong> de persones grans mitjan\u00e7ant pol\u00edtiques m\u00e9s inclusives i accessibles. Malgrat els obstacles identificats, les propostes presentades apunten cap a un futur on l&#8217;habitatge cooperatiu per a les persones grans sigui una realitat m\u00e9s <strong>accessible<\/strong> i <strong>equitativa<\/strong>.<\/p>\n\n\n\n<p><\/p>\n\n\n\n<p><\/p>\n\n\n\n<p><strong><em>18\/03\/2024<\/em><\/strong><\/p>\n\n\n\n<h2 class=\"wp-block-heading\"><strong>El Nostre Rac\u00f3 representant la cooperativa s\u00e8nior d\u2019habitatges en el Parlament de Catalunya.<\/strong><\/h2>\n\n\n\n<figure class=\"wp-block-image size-full\"><img data-opt-id=585952140  fetchpriority=\"high\" decoding=\"async\" width=\"533\" height=\"354\" src=\"https:\/\/mlymyabdchui.i.optimole.com\/cb:AujO.960\/w:auto\/h:auto\/q:mauto\/ig:avif\/https:\/\/elnostreraco.cat\/wp-content\/uploads\/2024\/03\/imagen-para-notes-de-prensa.jpg\" alt=\"Cohousing al parlament\" class=\"wp-image-538\" srcset=\"https:\/\/mlymyabdchui.i.optimole.com\/cb:AujO.960\/w:533\/h:354\/q:mauto\/ig:avif\/https:\/\/elnostreraco.cat\/wp-content\/uploads\/2024\/03\/imagen-para-notes-de-prensa.jpg 533w, https:\/\/mlymyabdchui.i.optimole.com\/cb:AujO.960\/w:300\/h:199\/q:mauto\/ig:avif\/https:\/\/elnostreraco.cat\/wp-content\/uploads\/2024\/03\/imagen-para-notes-de-prensa.jpg 300w, https:\/\/mlymyabdchui.i.optimole.com\/cb:AujO.960\/w:360\/h:240\/q:mauto\/ig:avif\/https:\/\/elnostreraco.cat\/wp-content\/uploads\/2024\/03\/imagen-para-notes-de-prensa.jpg 360w\" sizes=\"(max-width: 533px) 100vw, 533px\" \/><figcaption class=\"wp-element-caption\">Cohousing al parlament<\/figcaption><\/figure>\n\n\n\n<p>La Cooperativa de Cohabitatge El Nostre Rac\u00f3 de Santa Maria de Palautordera, ha estat convocada per a compar\u00e8ixer al Parlament de Catalunya amb la finalitat de donar opinions i formular propostes a la Proposici\u00f3 de llei de la gent gran&nbsp;(tram.&nbsp;202-00054\/13)&nbsp;davant dels diferents grups parlamentaris.<\/p>\n\n\n\n<p>V\u00e0rem assistir juntament amb altres col\u00b7lectius :&nbsp; l\u2019Associaci\u00f3 Professional Catalana de Directors\/es de Centres i Serveis d\u2019Atenci\u00f3 a la Depend\u00e8ncia; la Societat Catalana de Geriatria i Gerontologia i&nbsp; tamb\u00e9 la Cooperativa Sostre C\u00edvic.<\/p>\n\n\n\n<p>Les nostres propostes, recollides per les parlament\u00e0ries assistents, varen estar centrades en l\u2019 apartat sobre l&#8217;habitatge compartit, sobre la mort digna i l\u2019eutan\u00e0sia<\/p>\n\n\n\n<p>La nostra intervenci\u00f3 va comen\u00e7ar amb unes pinzellades sobre el que \u00e9s una cooperativa s\u00e8nior i sobre la nostra en concret :<\/p>\n\n\n\n<h2 class=\"wp-block-heading\"><strong>Cooperativa s\u00e8nior \u201cEl Nostre Rac\u00f3\u201d que estar\u00e0 ubicada a Santa Maria de Palautordera<\/strong><\/h2>\n\n\n\n<p><strong>Aix\u00ed doncs v\u00e0rem explicar que<\/strong><\/p>\n\n\n\n<ul class=\"wp-block-list\">\n<li>Una cooperativa s\u00e8nior d\u2019habitatges en cessi\u00f3 d\u2019\u00fas est\u00e0 formada per un grup de persones grans afins que decideix on, com i amb qui viure. Consisteix en una comunitat auto-promoguda i autogestionada que dissenya de manera participativa el projecte on vol viure.<\/li>\n\n\n\n<li>\u00c9s una iniciativa de base col\u00b7lectiva on cada persona mant\u00e9 la privacitat de la seva llar alhora que comparteix espais comunitaris dins d\u2019una organitzaci\u00f3 aut\u00f2noma sense \u00e0nim de lucre, gestionada pels seus socis i s\u00f2cies de forma totalment democr\u00e0tica.<\/li>\n\n\n\n<li>\u00c9s una alternativa per als qui vulguin viure la seva maduresa amb vitalitat i autonomia, lluny de la solitud, l&#8217;exclusi\u00f3 o les resid\u00e8ncies, es tracta s\u2019 d\u2019assolir una vellesa i una vida m\u00e9s saludable.<\/li>\n<\/ul>\n\n\n\n<h2 class=\"wp-block-heading\"><strong>Els obstacles que&nbsp;en aquests projectes es poden trobar <\/strong><\/h2>\n\n\n\n<p><strong>Tamb\u00e9 amb la experi\u00e8ncia d\u2019 aquests tres darrers anys de projecte varem parlar dels obstacles que&nbsp; en aquests projectes es poden trobar :<\/strong><\/p>\n\n\n\n<ul class=\"wp-block-list\">\n<li>Si el projecte es&nbsp; fa a nivell privat, el nostre cas,&nbsp; les despeses de la compra del terreny m\u00e9s les d\u2019 edificaci\u00f3 son molt grans i no totes les capes socials les poden assolir, menys encara quan no hi ha ingressos del treball.<\/li>\n\n\n\n<li>Si el projecte es fa en cessi\u00f3 de superf\u00edcie per part dels Ajuntaments: No hi ha prou cessi\u00f3 de superf\u00edcie per tota la demanda existent i la que vindr\u00e0, cal repensar barems d\u2019 elecci\u00f3 per part dels ajuntaments i propostes perqu\u00e8 m\u00e9s sol sigui cedit.<\/li>\n\n\n\n<li>La banca convencional no atorga hipoteques a persones grans, a m\u00e9s la banca \u00e8tica atorga hipoteques per\u00f2 cal que els promotors aportin el 30 % del projecte, no totes les persones grans poden assolir aquesta despesa inicial.<\/li>\n\n\n\n<li>Els tipus d\u2019 inter\u00e8s han pujat,&nbsp; tamb\u00e9 les despeses de construcci\u00f3 i per tant les quotes mensuals.<\/li>\n\n\n\n<li>&nbsp;No s\u2019 ens considera cooperatives d\u2019 inter\u00e8s social i no podem obtenir subvencions per gent gran per part de fundacions.<\/li>\n\n\n\n<li>No hi ha prou subvencions per part de les administracions p\u00fabliques cosa que comporta , de nou, que els projectes privats no estiguin a l\u2019 abast de totes les persones que les necessiten.<\/li>\n<\/ul>\n\n\n\n<p>Les nostres propostes concretes, donats aquests obstacles, varen ser&nbsp; en refer\u00e8ncia al&nbsp; article 44 que diu<\/p>\n\n\n\n<p><strong>&nbsp;Habitatges amb serveis<\/strong><\/p>\n\n\n\n<p>L\u2019Administraci\u00f3 de la Generalitat de Catalunya promour\u00e0 la creaci\u00f3 d\u2019habitatges amb serveis compartits destinats a persones grans, que afavoreixi la conviv\u00e8ncia solid\u00e0ria, l\u2019autonomia i l\u2019ajuda m\u00fatua<\/p>\n\n\n\n<p>En aquest article proposem afegir :<\/p>\n\n\n\n<ul class=\"wp-block-list\">\n<li><strong><em>L\u2019 Administraci\u00f3 de la Generalitat de Catalunya promour\u00e0 que els Ajuntaments ofereixin solars en cessi\u00f3 d\u2019\u00fas per la creaci\u00f3 d\u2019 aquests tipus habitatges de cooperatives per a gent gran &nbsp;durant un temps acordat.<\/em><\/strong><\/li>\n\n\n\n<li><strong><em>El c\u00e0non anual dels Ajuntaments en concurs d\u2019 acreditaci\u00f3 dels solars, hauria de ser fixe per m2 de superf\u00edcie<\/em><\/strong> (Actualment aquest c\u00e0non en alguns Ajuntaments puntua en el barem i no hi ha l\u00edmit per dalt, el que comporta a una discriminaci\u00f3 per nivell econ\u00f2mic dels membres del grup)<\/li>\n\n\n\n<li><strong><em>L\u2019 Administraci\u00f3 de la Generalitat de Catalunya incrementar\u00e0 l\u2019ajut en forma de subvencions a les cooperatives d\u2019habitatges amb serveis &nbsp;compartits destinats a persones grans, que afavoreixin la conviv\u00e8ncia solid\u00e0ria, l\u2019autonomia i l\u2019ajuda m\u00fatua.<\/em><\/strong><\/li>\n\n\n\n<li><strong><em>L\u2019 Administraci\u00f3 de la Generalitat promour\u00e0 que els Ajuntaments subvencionin tamb\u00e9 els impostos locals d\u2019 aquestes cooperatives en cessi\u00f3 d\u2019\u00fas, sobretot l\u2019 Impost sobre Construcci\u00f3, Instal\u00b7laci\u00f3 i Obres (ICIO)<\/em><\/strong><\/li>\n\n\n\n<li><strong><em>Aix\u00ed mateix promour\u00e0 que les cooperatives privades en cessi\u00f3 d\u2019 \u00fas per a gent gran siguin declarades oficialment d\u2019 inter\u00e8s social&nbsp; per a poder accedir a altres tipus ajuts.<\/em><\/strong>&nbsp;(Tenim una vocaci\u00f3 social, volem millorar la salut i el benestar de les persones del grup, tamb\u00e9 col\u00b7laborar i millorar la societat que ens envolta i volem assolir una vellesa en companyia , dignitat i saludable)<\/li>\n\n\n\n<li><strong><em>L\u2019 Administraci\u00f3 de la Generalitat de Catalunya promour\u00e0 que les entitats banc\u00e0ries atorguin pr\u00e9stecs hipotecaris a aquestes cooperatives d\u2019 habitatge <\/em><\/strong><em>(actualment nom\u00e9s la banca \u00e8tica ho fa)<\/em><\/li>\n\n\n\n<li><strong><em>L\u2019 Administraci\u00f3 de la Generalitat de Catalunya es presentar\u00e0 com a avaladora de l\u2019aportaci\u00f3 inicial m\u00ednima obligat\u00f2ria, de les cooperatives en cessi\u00f3 d\u2019\u00fas, entre el 20-30 % de l\u2019inversi\u00f3 total del projecte <\/em><\/strong><em>(no finan\u00e7ada per&nbsp; les entitats banc\u00e0ries)<\/em><\/li>\n<\/ul>\n\n\n\n<p>Finalment v\u00e0rem fer&nbsp; aportacions al text relacionades amb la Mort Digna gr\u00e0cies al<strong> <\/strong>assessorament dels juristes de l&#8217;associaci\u00f3 Dret a Morir dignament :<\/p>\n\n\n\n<p>En aquest sentit proposem afegir&nbsp; en l\u2019 article 1 sobre finalitats i objectius una cita al final de la vida i a la mort digna :<\/p>\n\n\n\n<ul class=\"wp-block-list\">\n<li><strong><em>n) La garantia dels drets i les prestacions per tenir un proc\u00e9s de final de vida i una mort digna i conforme a les opcions que lliurement tri\u00ef cadasc\u00fa en el marc de l&#8217;ordenament vigent.<\/em><\/strong><\/li>\n<\/ul>\n\n\n\n<p>Tamb\u00e9 proposem&nbsp; afegir en l\u2019article 50 una cita a l\u2019eutan\u00e0sia i a la llei vigent&nbsp; que la regula, el text quedaria aix\u00ed&nbsp; :<\/p>\n\n\n\n<p><strong>Article 50<\/strong><\/p>\n\n\n\n<p>Cures pal\u00b7liatives <strong><em>i eutan\u00e0sia<\/em><\/strong><\/p>\n\n\n\n<ul class=\"wp-block-list\">\n<li>1. Es garantir\u00e0 l\u2019acc\u00e9s universal a les cures pal\u00b7liatives, cada dia de l\u2019any i les vint-i-quatre hores del dia.<\/li>\n\n\n\n<li>2. Les cures pal\u00b7liatives seran objecte de formaci\u00f3 i actuaci\u00f3 de tots els equips sanitaris i, si escau, sociosanitaris.<\/li>\n\n\n\n<li><strong><em>3. Es garantir\u00e0 l&#8217;acc\u00e9s efectiu a la prestaci\u00f3 de l&#8217;ajut per morir en els termes previstos a la Llei org\u00e0nica 3\/2021, de 24 de mar\u00e7, de Regulaci\u00f3 de l\u2019Eutan\u00e0sia.&nbsp;&nbsp;<\/em><\/strong><\/li>\n<\/ul>\n\n\n\n<p>Ha estat una experi\u00e8ncia enriquidora per les persones que formem part de la Cooperativa S\u00e8nior el Nostre Rac\u00f3 , que hem reflexionat, conjuntament amb la Cooperativa Col\u00b7lab , sobre les experi\u00e8ncies i obstacles en el nostre proc\u00e9s de creaci\u00f3 del habitatge s\u00e8nior i sobre les millores que, expressades en les nostres intervencions,&nbsp; faran millor aquests projectes a&nbsp; generacions futures.<\/p>\n\n\n\n<p>Esperem que aquesta Llei reculli les nostres propostes i que segueixi endavant en la seva millora e implementaci\u00f3 amb el pressupost suficient.<\/p>\n\n\n\n<p>Tenim esperan\u00e7a que aquesta llei aporti millores importants a la vida de les persones grans i ens sentim orgulloses d\u2019 haver pogut aportar la nostra experi\u00e8ncia i propostes a la seva elaboraci\u00f3.<\/p>\n\n\n\n<p>Coneix el nostre projecte <a href=\"https:\/\/elnostreraco.cat\/index.php\/qui-som\/\" title=\"Qui Som?\">QUI SOM?<\/a><\/p>\n","protected":false},"excerpt":{"rendered":"<p>04\/04\/2024 La Crida Cr\u00edtica de COL\u00b7LAB i El Nostre Rac\u00f3 al Parlament. Defensant l&#8217;habitatge cooperatiu per a persones majors el 4 d&#8217;abril de 2024, en una jornada clau al Parlament, El Nostre Rac\u00f3, en representaci\u00f3 pr\u00f2pia i tamb\u00e9 de COL\u00b7LAB, va compar\u00e8ixer davant dels representants legislatius per defensar l&#8217;habitatge cooperatiu [&hellip;]<\/p>\n","protected":false},"author":1,"featured_media":553,"parent":0,"menu_order":0,"comment_status":"closed","ping_status":"closed","template":"","meta":{"footnotes":""},"class_list":["post-537","page","type-page","status-publish","has-post-thumbnail","hentry"],"aioseo_notices":[],"_links":{"self":[{"href":"https:\/\/elnostreraco.cat\/index.php\/wp-json\/wp\/v2\/pages\/537","targetHints":{"allow":["GET"]}}],"collection":[{"href":"https:\/\/elnostreraco.cat\/index.php\/wp-json\/wp\/v2\/pages"}],"about":[{"href":"https:\/\/elnostreraco.cat\/index.php\/wp-json\/wp\/v2\/types\/page"}],"author":[{"embeddable":true,"href":"https:\/\/elnostreraco.cat\/index.php\/wp-json\/wp\/v2\/users\/1"}],"replies":[{"embeddable":true,"href":"https:\/\/elnostreraco.cat\/index.php\/wp-json\/wp\/v2\/comments?post=537"}],"version-history":[{"count":5,"href":"https:\/\/elnostreraco.cat\/index.php\/wp-json\/wp\/v2\/pages\/537\/revisions"}],"predecessor-version":[{"id":560,"href":"https:\/\/elnostreraco.cat\/index.php\/wp-json\/wp\/v2\/pages\/537\/revisions\/560"}],"wp:featuredmedia":[{"embeddable":true,"href":"https:\/\/elnostreraco.cat\/index.php\/wp-json\/wp\/v2\/media\/553"}],"wp:attachment":[{"href":"https:\/\/elnostreraco.cat\/index.php\/wp-json\/wp\/v2\/media?parent=537"}],"curies":[{"name":"wp","href":"https:\/\/api.w.org\/{rel}","templated":true}]}}