{"id":356,"date":"2023-06-17T14:28:18","date_gmt":"2023-06-17T14:28:18","guid":{"rendered":"https:\/\/elnostreraco.cat\/?page_id=356"},"modified":"2023-06-29T17:14:25","modified_gmt":"2023-06-29T17:14:25","slug":"maria","status":"publish","type":"page","link":"https:\/\/elnostreraco.cat\/index.php\/maria\/","title":{"rendered":"Mar\u00eda"},"content":{"rendered":"\n<p class=\"has-black-color has-text-color has-medium-font-size\">Em dic Maria Ben\u00edtez quan tenia 50 anys, vaig comen\u00e7ar a pensar com volia viure la vellesa, no m&#8217;agradava anar a una resid\u00e8ncia, no volia ser cuidada pels fills, i l&#8217;alternativa de quedar-me a viure a casa meva era molt temptadora, perqu\u00e8 jo gaudeixo de ser a casa, per\u00f2 el preu d&#8217;aix\u00f2 \u00e9s la solitud. Que a la vellesa es transforma en una malaltia m\u00e9s.<br>Al costat de Juan \u00e9s el meu marit, van comen\u00e7ar a pensar en un model de resid\u00e8ncia autogestionada, i on en lloc d&#8217;habitacions, hi haurien petits apartaments. Sense saber-ho disseny\u00e0vem una cohabitatge. Ho vam compartir amb els amics i es van posar les mans al cap dient, \u201cper\u00f2 falta molt, on aneu encara som molt joves!\u201d. Aleshores encara no hi havia xarxes socials, per\u00f2 Internet va arribar i la recerca ens va portar a con\u00e8ixer el co-habitatge. Visitem molts projectes a tot el pa\u00eds, i fins a Holanda, tamb\u00e9 assistim a molts actes on es feien trobades, seminaris, jornades, Madrid, Val\u00e8ncia, a Catalunya\u2026 I ens vam crear el nostre projecte, que es va convertir en un somni no fet realitat , perqu\u00e8 com molts grups, no vam saber gestionar-ho prou b\u00e9. I seguim la investigaci\u00f3, i ens afegim a un projecte que comen\u00e7ava i tamb\u00e9 al cap de dos anys, vam fer aig\u00fces\u2026 I tornem, apareix un altre grup i tamb\u00e9 pensem que aquest podria ser. I tampoc, a l&#8217;any de pert\u00e0nyer, ens acomiadem. I sense buscar\u2026 perqu\u00e8 estem fent el dol del darrere, apareix EL NOSTRE RAC\u00d3. I com si fos un puzle, les peces van encaixar ben aviat. Havia valgut la pena fer tot el cam\u00ed. El projecte desitjat era davant nostre.<\/p>\n\n\n\n<div class=\"wp-block-buttons is-content-justification-center is-layout-flex wp-container-core-buttons-is-layout-a89b3969 wp-block-buttons-is-layout-flex\">\n<div class=\"wp-block-button\"><a class=\"wp-block-button__link wp-element-button\" href=\"https:\/\/elnostreraco.cat\/index.php\/qui-som\/\">Tornar<\/a><\/div>\n<\/div>\n","protected":false},"excerpt":{"rendered":"<p>Em dic Maria Ben\u00edtez quan tenia 50 anys, vaig comen\u00e7ar a pensar com volia viure la vellesa, no m&#8217;agradava anar a una resid\u00e8ncia, no volia ser cuidada pels fills, i l&#8217;alternativa de quedar-me a viure a casa meva era molt temptadora, perqu\u00e8 jo gaudeixo de ser a casa, per\u00f2 el [&hellip;]<\/p>\n","protected":false},"author":1,"featured_media":342,"parent":0,"menu_order":0,"comment_status":"closed","ping_status":"closed","template":"","meta":{"footnotes":""},"class_list":["post-356","page","type-page","status-publish","has-post-thumbnail","hentry"],"aioseo_notices":[],"_links":{"self":[{"href":"https:\/\/elnostreraco.cat\/index.php\/wp-json\/wp\/v2\/pages\/356","targetHints":{"allow":["GET"]}}],"collection":[{"href":"https:\/\/elnostreraco.cat\/index.php\/wp-json\/wp\/v2\/pages"}],"about":[{"href":"https:\/\/elnostreraco.cat\/index.php\/wp-json\/wp\/v2\/types\/page"}],"author":[{"embeddable":true,"href":"https:\/\/elnostreraco.cat\/index.php\/wp-json\/wp\/v2\/users\/1"}],"replies":[{"embeddable":true,"href":"https:\/\/elnostreraco.cat\/index.php\/wp-json\/wp\/v2\/comments?post=356"}],"version-history":[{"count":4,"href":"https:\/\/elnostreraco.cat\/index.php\/wp-json\/wp\/v2\/pages\/356\/revisions"}],"predecessor-version":[{"id":429,"href":"https:\/\/elnostreraco.cat\/index.php\/wp-json\/wp\/v2\/pages\/356\/revisions\/429"}],"wp:featuredmedia":[{"embeddable":true,"href":"https:\/\/elnostreraco.cat\/index.php\/wp-json\/wp\/v2\/media\/342"}],"wp:attachment":[{"href":"https:\/\/elnostreraco.cat\/index.php\/wp-json\/wp\/v2\/media?parent=356"}],"curies":[{"name":"wp","href":"https:\/\/api.w.org\/{rel}","templated":true}]}}