{"id":348,"date":"2023-06-17T14:17:48","date_gmt":"2023-06-17T14:17:48","guid":{"rendered":"https:\/\/elnostreraco.cat\/?page_id=348"},"modified":"2024-11-05T15:46:50","modified_gmt":"2024-11-05T15:46:50","slug":"anna","status":"publish","type":"page","link":"https:\/\/elnostreraco.cat\/index.php\/anna\/","title":{"rendered":"Anna"},"content":{"rendered":"\n<p class=\"has-medium-font-size\">Me llamo Anna y nac\u00ed el 16 de agosto de 1962.<\/p>\n\n\n\n<p class=\"has-medium-font-size\">Empieza atardecer, en el paseo se ven los ni\u00f1os corretear y gritar llenos de alegr\u00eda con risas descontroladas, tambi\u00e9n se ven a mujeres y hombres sentados en los bancos tomando esos \u00faltimos rayos de sol que les calienta el cuerpo y el alma.<br>Est\u00e1n pensativos y con la mirada perdida, tal vez recordando aquellos tiempos en los que ellos tambi\u00e9n fueron j\u00f3venes, ahora tienen a su lado un caminador que a duras penas les ayuda a mantenerse en pie, con \u00e9l intentan dar un corto paseo, no les acompa\u00f1a nada m\u00e1s, est\u00e1n ellos, el caminador y su soledad.<br>El proyecto naci\u00f3, no para parar la vejez, eso es impensable, pero s\u00ed para poderla llevar bien.<\/p>\n\n\n\n<p class=\"has-medium-font-size\">Un pasar de los a\u00f1os con una vida lo m\u00e1s activa que se pueda llevar y dejando atr\u00e1s la \u201csoledad \u201c. La soledad no es mala compa\u00f1\u00eda, pero se ha de saber gestionar, una soledad impuesta tiene que ser dolorosa y llena de tristeza, as\u00ed que lo mejor es buscar compa\u00f1\u00eda, personas que quiera vivir su \u201cmayor\u00eda de edad\u201d conviviendo con m\u00e1s gente, formar una nueva familia.<\/p>\n\n\n\n<p class=\"has-medium-font-size\">Ser\u00e1 dif\u00edcil, para unos m\u00e1s que para otros, pero se intentar\u00e1. La uni\u00f3n hace la fuerza, y a pesar de mis miedos, apuesto por esa fuerza.<\/p>\n\n\n\n<p class=\"has-medium-font-size\">Por eso se ha creado EL NOSTRE RAC\u00d3, un proyecto que nos ayudar\u00e1 a vivir nuestros \u201cmejores a\u00f1os\u201d, acompa\u00f1ados de positivismo y buenas energ\u00edas. Ya no seremos tan j\u00f3venes, pero se intentar\u00e1 que solo envejezca el cuerpo.<\/p>\n\n\n\n<p class=\"has-medium-font-size\">El c\u00edrculo se ha cerrado, pero a la vez est\u00e1 abierto, siempre mantendr\u00e1 seis puertas abiertas, somos los primeros, pero nunca los \u00faltimos.<\/p>\n\n\n\n<div class=\"wp-block-buttons is-content-justification-center is-layout-flex wp-container-core-buttons-is-layout-a89b3969 wp-block-buttons-is-layout-flex\">\n<div class=\"wp-block-button\"><a class=\"wp-block-button__link wp-element-button\" href=\"https:\/\/elnostreraco.cat\/index.php\/qui-som\/\">Tornar<\/a><\/div>\n<\/div>\n","protected":false},"excerpt":{"rendered":"<p>Me llamo Anna y nac\u00ed el 16 de agosto de 1962. Empieza atardecer, en el paseo se ven los ni\u00f1os corretear y gritar llenos de alegr\u00eda con risas descontroladas, tambi\u00e9n se ven a mujeres y hombres sentados en los bancos tomando esos \u00faltimos rayos de sol que les calienta el [&hellip;]<\/p>\n","protected":false},"author":1,"featured_media":349,"parent":0,"menu_order":0,"comment_status":"closed","ping_status":"closed","template":"","meta":{"footnotes":""},"class_list":["post-348","page","type-page","status-publish","has-post-thumbnail","hentry"],"aioseo_notices":[],"_links":{"self":[{"href":"https:\/\/elnostreraco.cat\/index.php\/wp-json\/wp\/v2\/pages\/348","targetHints":{"allow":["GET"]}}],"collection":[{"href":"https:\/\/elnostreraco.cat\/index.php\/wp-json\/wp\/v2\/pages"}],"about":[{"href":"https:\/\/elnostreraco.cat\/index.php\/wp-json\/wp\/v2\/types\/page"}],"author":[{"embeddable":true,"href":"https:\/\/elnostreraco.cat\/index.php\/wp-json\/wp\/v2\/users\/1"}],"replies":[{"embeddable":true,"href":"https:\/\/elnostreraco.cat\/index.php\/wp-json\/wp\/v2\/comments?post=348"}],"version-history":[{"count":5,"href":"https:\/\/elnostreraco.cat\/index.php\/wp-json\/wp\/v2\/pages\/348\/revisions"}],"predecessor-version":[{"id":818,"href":"https:\/\/elnostreraco.cat\/index.php\/wp-json\/wp\/v2\/pages\/348\/revisions\/818"}],"wp:featuredmedia":[{"embeddable":true,"href":"https:\/\/elnostreraco.cat\/index.php\/wp-json\/wp\/v2\/media\/349"}],"wp:attachment":[{"href":"https:\/\/elnostreraco.cat\/index.php\/wp-json\/wp\/v2\/media?parent=348"}],"curies":[{"name":"wp","href":"https:\/\/api.w.org\/{rel}","templated":true}]}}