{"id":12,"date":"2023-05-09T14:16:23","date_gmt":"2023-05-09T14:16:23","guid":{"rendered":"http:\/\/elnostreraco.cat\/?page_id=12"},"modified":"2025-11-28T09:41:53","modified_gmt":"2025-11-28T09:41:53","slug":"inicio","status":"publish","type":"page","link":"https:\/\/elnostreraco.cat\/","title":{"rendered":"El Nostre Rac\u00f3"},"content":{"rendered":"\n<div class=\"wp-block-cover alignfull is-light hestia-clear-top-padding\" style=\"min-height:491px;aspect-ratio:unset;\"><span aria-hidden=\"true\" class=\"wp-block-cover__background has-white-background-color has-background-dim-100 has-background-dim\"><\/span><div class=\"wp-block-cover__inner-container is-layout-flow wp-block-cover-is-layout-flow\">\n<p class=\"has-text-align-center\"><\/p>\n\n\n\n<h2 class=\"wp-block-heading has-text-align-center has-text-color\" style=\"color:#3c4858\">A la nostra comunitat, possem en pr\u00e0ctica una forma col\u00b7laborativa d&#8217;habitatge <\/h2>\n\n\n\n<p><\/p>\n\n\n\n<div style=\"height:40px\" aria-hidden=\"true\" class=\"wp-block-spacer\"><\/div>\n\n\n\n<div class=\"wp-block-columns container is-layout-flex wp-container-core-columns-is-layout-28f84493 wp-block-columns-is-layout-flex\">\n<div class=\"wp-block-column is-vertically-aligned-top is-layout-flow wp-block-column-is-layout-flow\"><div class=\"wp-block-image\">\n<figure class=\"aligncenter size-full\"><img data-opt-id=1010630563  fetchpriority=\"high\" decoding=\"async\" width=\"64\" height=\"64\" src=\"https:\/\/mlymyabdchui.i.optimole.com\/cb:AujO.960\/w:auto\/h:auto\/q:mauto\/ig:avif\/https:\/\/elnostreraco.cat\/wp-content\/uploads\/2023\/05\/Icono-comunidad.png\" alt=\"\" class=\"wp-image-39\"\/><\/figure>\n<\/div>\n\n\n<h5 class=\"wp-block-heading has-text-align-center has-text-color\" style=\"color:#3c4858;font-size:18px\">Comunitat<\/h5>\n\n\n\n<p class=\"has-text-align-center has-black-color has-text-color\" style=\"font-size:15px\">El cohousing fomenta la conviv\u00e8ncia entre persones amb valors i objectius compartits. Aix\u00f2 ens permet cr\u00e9ixer com a comunitat i compartir recursos, despeses i responsabilitats.<\/p>\n<\/div>\n\n\n\n<div class=\"wp-block-column is-layout-flow wp-block-column-is-layout-flow\"><div class=\"wp-block-image\">\n<figure class=\"aligncenter size-full\"><img data-opt-id=488464906  fetchpriority=\"high\" decoding=\"async\" width=\"64\" height=\"64\" src=\"https:\/\/mlymyabdchui.i.optimole.com\/cb:AujO.960\/w:auto\/h:auto\/q:mauto\/ig:avif\/https:\/\/elnostreraco.cat\/wp-content\/uploads\/2023\/05\/Icono-sostenibilidad.png\" alt=\"\" class=\"wp-image-37\"\/><\/figure>\n<\/div>\n\n\n<h5 class=\"wp-block-heading has-text-align-center has-text-color\" style=\"color:#3c4858;font-size:18px\">Sostenibilitat<\/h5>\n\n\n\n<p class=\"has-text-align-center has-black-color has-text-color\" style=\"font-size:15px\">El cohousing es basa en la sostenibilitat econ\u00f2mica, social i ambiental. Treballem per reduir el consum energ\u00e8tic i utilitzar energies renovables, aix\u00ed com per promoure pr\u00e0ctiques sostenibles en la vida di\u00e0ria.<\/p>\n<\/div>\n\n\n\n<div class=\"wp-block-column is-layout-flow wp-block-column-is-layout-flow\"><div class=\"wp-block-image\">\n<figure class=\"aligncenter size-full\"><img data-opt-id=886071386  data-opt-src=\"https:\/\/mlymyabdchui.i.optimole.com\/cb:AujO.960\/w:auto\/h:auto\/q:mauto\/ig:avif\/https:\/\/elnostreraco.cat\/wp-content\/uploads\/2023\/05\/Icono-autogestion.png\"  decoding=\"async\" width=\"64\" height=\"64\" src=\"data:image/svg+xml,%3Csvg%20viewBox%3D%220%200%20100%%20100%%22%20width%3D%22100%%22%20height%3D%22100%%22%20xmlns%3D%22http%3A%2F%2Fwww.w3.org%2F2000%2Fsvg%22%3E%3Crect%20width%3D%22100%%22%20height%3D%22100%%22%20fill%3D%22transparent%22%2F%3E%3C%2Fsvg%3E\" alt=\"\" class=\"wp-image-40\"\/><\/figure>\n<\/div>\n\n\n<h5 class=\"wp-block-heading has-text-align-center has-text-color\" style=\"color:#3c4858;font-size:18px\">Autogesti\u00f3<\/h5>\n\n\n\n<p class=\"has-text-align-center has-black-color has-text-color\" style=\"font-size:15px\">La cooperativa de cohousing es gestiona de forma aut\u00f2noma per les persones que hi viuen. Aix\u00f2 ens permet prendre decisions de forma col\u00b7lectiva i adaptar-nos a les necessitats del grup.<\/p>\n<\/div>\n<\/div>\n<\/div><\/div>\n\n\n\n<div class=\"wp-block-columns container is-layout-flex wp-container-core-columns-is-layout-28f84493 wp-block-columns-is-layout-flex\">\n<div class=\"wp-block-column is-vertically-aligned-top col-md-5 is-layout-flow wp-block-column-is-layout-flow\">\n<h2 class=\"wp-block-heading\">Coneix el nostre rac\u00f3.<\/h2>\n\n\n\n<p class=\"has-black-color has-text-color\" style=\"font-size:17px\"><strong>El Nostre Rac\u00f3<\/strong> ens ofereix l&#8217;oportunitat de viure en un habitatge independent, mentre gaudeim de l&#8217;ambient de comunitat. Cada membre t\u00e9 la seva <strong>pr\u00f2pia llar<\/strong>, amb tota la intimitat i independ\u00e8ncia que necessita. A m\u00e9s, disposem d&#8217;espais compartits com el<strong> jard\u00ed<\/strong> i la <strong>sala  com\u00fa<\/strong>, on podem compartir temps amb els altres membres de la comunitat. Gaudim del millor dels dos mons: la privacitat i el plaer de compartir moments amb altres persones en un entorn agradable i acollidor.<\/p>\n\n\n\n<p class=\"has-black-color has-text-color\" style=\"font-size:17px\">Som a Santa Maria de Palautordera, de fons el Montseny, un paisatge que ens aporta serenitat i energia.<\/p>\n\n\n\n<p><\/p>\n\n\n\n<p><\/p>\n<\/div>\n\n\n\n<div class=\"wp-block-column col-md-6 col-md-offset1 is-layout-flow wp-block-column-is-layout-flow\">\n<div style=\"height:20px\" aria-hidden=\"true\" class=\"wp-block-spacer\"><\/div>\n\n\n<div class=\"wp-block-image is-style-default\">\n<figure class=\"aligncenter size-full\"><img data-opt-id=1960404516  data-opt-src=\"https:\/\/mlymyabdchui.i.optimole.com\/cb:AujO.960\/w:auto\/h:auto\/q:mauto\/ig:avif\/https:\/\/elnostreraco.cat\/wp-content\/uploads\/2023\/06\/Som-cooperativa-som-cohousing.jpg\"  decoding=\"async\" width=\"991\" height=\"353\" src=\"data:image/svg+xml,%3Csvg%20viewBox%3D%220%200%20100%%20100%%22%20width%3D%22100%%22%20height%3D%22100%%22%20xmlns%3D%22http%3A%2F%2Fwww.w3.org%2F2000%2Fsvg%22%3E%3Crect%20width%3D%22100%%22%20height%3D%22100%%22%20fill%3D%22transparent%22%2F%3E%3C%2Fsvg%3E\" alt=\"Cohousing montseny\" class=\"wp-image-241\" old-srcset=\"https:\/\/mlymyabdchui.i.optimole.com\/cb:AujO.960\/w:991\/h:353\/q:mauto\/ig:avif\/https:\/\/elnostreraco.cat\/wp-content\/uploads\/2023\/06\/Som-cooperativa-som-cohousing.jpg 991w, https:\/\/mlymyabdchui.i.optimole.com\/cb:AujO.960\/w:300\/h:107\/q:mauto\/ig:avif\/https:\/\/elnostreraco.cat\/wp-content\/uploads\/2023\/06\/Som-cooperativa-som-cohousing.jpg 300w, https:\/\/mlymyabdchui.i.optimole.com\/cb:AujO.960\/w:768\/h:274\/q:mauto\/ig:avif\/https:\/\/elnostreraco.cat\/wp-content\/uploads\/2023\/06\/Som-cooperativa-som-cohousing.jpg 768w\" \/><\/figure>\n<\/div>\n\n\n<div style=\"height:20px\" aria-hidden=\"true\" class=\"wp-block-spacer\"><\/div>\n\n\n\n<figure class=\"wp-block-image size-large is-style-default\"><a href=\"https:\/\/elnostreraco.cat\/index.php\/qui-som\/\"><img data-opt-id=761582946  data-opt-src=\"https:\/\/mlymyabdchui.i.optimole.com\/cb:AujO.960\/w:1024\/h:724\/q:mauto\/ig:avif\/https:\/\/elnostreraco.cat\/wp-content\/uploads\/2023\/06\/logo-nostre-raco-02.jpg\"  decoding=\"async\" width=\"1024\" height=\"724\" src=\"data:image/svg+xml,%3Csvg%20viewBox%3D%220%200%201024%20724%22%20width%3D%221024%22%20height%3D%22724%22%20xmlns%3D%22http%3A%2F%2Fwww.w3.org%2F2000%2Fsvg%22%3E%3Crect%20width%3D%221024%22%20height%3D%22724%22%20fill%3D%22transparent%22%2F%3E%3C%2Fsvg%3E\" alt=\"\" class=\"wp-image-242\" old-srcset=\"https:\/\/mlymyabdchui.i.optimole.com\/cb:AujO.960\/w:1024\/h:724\/q:mauto\/ig:avif\/https:\/\/elnostreraco.cat\/wp-content\/uploads\/2023\/06\/logo-nostre-raco-02-scaled.jpg 1024w, https:\/\/mlymyabdchui.i.optimole.com\/cb:AujO.960\/w:300\/h:212\/q:mauto\/ig:avif\/https:\/\/elnostreraco.cat\/wp-content\/uploads\/2023\/06\/logo-nostre-raco-02-scaled.jpg 300w, https:\/\/mlymyabdchui.i.optimole.com\/cb:AujO.960\/w:768\/h:543\/q:mauto\/ig:avif\/https:\/\/elnostreraco.cat\/wp-content\/uploads\/2023\/06\/logo-nostre-raco-02-scaled.jpg 768w, https:\/\/mlymyabdchui.i.optimole.com\/cb:AujO.960\/w:1527\/h:1080\/q:mauto\/ig:avif\/https:\/\/elnostreraco.cat\/wp-content\/uploads\/2023\/06\/logo-nostre-raco-02-scaled.jpg 1536w, https:\/\/mlymyabdchui.i.optimole.com\/cb:AujO.960\/w:1527\/h:1080\/q:mauto\/ig:avif\/https:\/\/elnostreraco.cat\/wp-content\/uploads\/2023\/06\/logo-nostre-raco-02-scaled.jpg 2048w\" \/><\/a><\/figure>\n<\/div>\n<\/div>\n\n\n\n<div class=\"wp-block-columns is-layout-flex wp-container-core-columns-is-layout-28f84493 wp-block-columns-is-layout-flex\">\n<div class=\"wp-block-column is-layout-flow wp-block-column-is-layout-flow\">\n<h2 class=\"wp-block-heading\">\u00bfQu\u00e8 \u00e9s el Cohabitatge i Com Funciona?<\/h2>\n\n\n\n<p>El <strong>cohabitatge<\/strong>, conegut tamb\u00e9 com a cohousing, \u00e9s m\u00e9s que un simple model d&#8217;habitatge. <strong>Promou<\/strong> la creaci\u00f3 de comunitats intencionals on els residents comparteixen <strong>espais<\/strong> i recursos mentre mantenen la seva autonomia.<\/p>\n\n\n\n<h2 class=\"wp-block-heading\">\u00bfQu\u00e8 implica viure en un <strong>cohabitatge<\/strong> i quins s\u00f3n els beneficis d&#8217;aquest <strong>model<\/strong> de conviv\u00e8ncia?<\/h2>\n\n\n\n<p><strong>Cohabitatge<\/strong>: El <strong>cohousing<\/strong> \u00e9s un model de <strong>conviv\u00e8ncia<\/strong> i habitatge que fomenta la creaci\u00f3 de comunitats intencionals on els residents comparteixen espais i recursos, tot mantenint la seva autonomia en els seus propis llars.<\/p>\n\n\n\n<h2 class=\"wp-block-heading\">\u00bfQuins s\u00f3n els avantatges del <strong>cohousing<\/strong>?<\/h2>\n\n\n\n<p><strong>Comunitat<\/strong>: En el <strong>cohabitatge<\/strong>, els membres participen activament en el disseny, la gesti\u00f3 i el manteniment del seu entorn compartit.<\/p>\n\n\n\n<p>Aix\u00ed es promou un sentiment de comunitat, col\u00b7laboraci\u00f3 i suport mutu.<\/p>\n\n\n\n<h2 class=\"wp-block-heading\">\u00bfCom afecta positivament a la vida comunit\u00e0ria i individual?<\/h2>\n\n\n\n<p><strong>Autonomia<\/strong>: Tot i tenir la seva pr\u00f2pia vivenda privada, els residents tamb\u00e9 gaudeixen d&#8217;espais comuns com jardins i sales comunes.<\/p>\n\n\n\n<p>Aix\u00f2 permet la interacci\u00f3 social i l&#8217;intercanvi d&#8217;experi\u00e8ncies.<\/p>\n\n\n\n<h2 class=\"wp-block-heading\">\u00bfQuins valors es promouen en aquest model?<\/h2>\n\n\n\n<p><strong>Sostenibilitat<\/strong>: El <strong>cohousing<\/strong> es basa en valors de solidaritat, respecte, sostenibilitat i participaci\u00f3 democr\u00e0tica.<\/p>\n\n\n\n<p>A m\u00e9s, fomenta pr\u00e0ctiques sostenibles en la vida di\u00e0ria, com la reducci\u00f3 del consum energ\u00e8tic i l&#8217;\u00fas d&#8217;energies renovables.<\/p>\n\n\n\n<p>Tot son <strong>beneficis<\/strong>. El <strong>cohousing<\/strong> \u00e9s una forma de vida basada en la col\u00b7laboraci\u00f3, el respecte mutu i la creaci\u00f3 de lla\u00e7os comunitaris forts.<\/p>\n\n\n\n<p>Cada individu pot trobar el seu lloc en un entorn que valora la diversitat i el benestar col\u00b7lectiu.<\/p>\n<\/div>\n<\/div>\n\n\n\n<h2 class=\"wp-block-heading\">Llegeix el Blog d&#8217;El nostre Rac\u00f3 <\/h2>\n\n\n<ul class=\"wp-block-latest-posts__list wp-block-latest-posts\"><li><a class=\"wp-block-latest-posts__post-title\" href=\"https:\/\/elnostreraco.cat\/index.php\/2026\/03\/14\/banys-de-bosc-beneficis-per-a-la-salut-i-per-a-la-gent-gran\/\">Banys de bosc: beneficis per a la salut i per a la gent gran<\/a><\/li>\n<li><a class=\"wp-block-latest-posts__post-title\" href=\"https:\/\/elnostreraco.cat\/index.php\/2025\/12\/21\/viure-likigai-en-cohabitatge-senior\/\">Viure l\u2019Ikigai en Cohabitatge S\u00e8nior<\/a><\/li>\n<li><a class=\"wp-block-latest-posts__post-title\" href=\"https:\/\/elnostreraco.cat\/index.php\/2025\/10\/04\/un-gran-pas-a-la-consolidacio-del-cohousing\/\">Un gran pas a la consolidaci\u00f3 del cohousing<\/a><\/li>\n<li><a class=\"wp-block-latest-posts__post-title\" href=\"https:\/\/elnostreraco.cat\/index.php\/2025\/08\/02\/el-nostre-raco-2-actes-plens-dagraiment-i-satisfaccio\/\">El Nostre Rac\u00f3: 2 actes, plens d\u2019agra\u00efment i satisfacci\u00f3.<\/a><\/li>\n<li><a class=\"wp-block-latest-posts__post-title\" href=\"https:\/\/elnostreraco.cat\/index.php\/2025\/05\/26\/8-de-juny-us-convidem-a-la-trobada-informativa\/\">8 de juny: us convidem a la trobada informativa<\/a><\/li>\n<\/ul>","protected":false},"excerpt":{"rendered":"<p>Coneix el nostre rac\u00f3. El Nostre Rac\u00f3 ens ofereix l&#8217;oportunitat de viure en un habitatge independent, mentre gaudeim de l&#8217;ambient de comunitat. Cada membre t\u00e9 la seva pr\u00f2pia llar, amb tota la intimitat i independ\u00e8ncia que necessita. A m\u00e9s, disposem d&#8217;espais compartits com el jard\u00ed i la sala com\u00fa, on [&hellip;]<\/p>\n","protected":false},"author":1,"featured_media":0,"parent":0,"menu_order":0,"comment_status":"closed","ping_status":"closed","template":"","meta":{"footnotes":""},"class_list":["post-12","page","type-page","status-publish","hentry"],"aioseo_notices":[],"_links":{"self":[{"href":"https:\/\/elnostreraco.cat\/index.php\/wp-json\/wp\/v2\/pages\/12","targetHints":{"allow":["GET"]}}],"collection":[{"href":"https:\/\/elnostreraco.cat\/index.php\/wp-json\/wp\/v2\/pages"}],"about":[{"href":"https:\/\/elnostreraco.cat\/index.php\/wp-json\/wp\/v2\/types\/page"}],"author":[{"embeddable":true,"href":"https:\/\/elnostreraco.cat\/index.php\/wp-json\/wp\/v2\/users\/1"}],"replies":[{"embeddable":true,"href":"https:\/\/elnostreraco.cat\/index.php\/wp-json\/wp\/v2\/comments?post=12"}],"version-history":[{"count":5,"href":"https:\/\/elnostreraco.cat\/index.php\/wp-json\/wp\/v2\/pages\/12\/revisions"}],"predecessor-version":[{"id":828,"href":"https:\/\/elnostreraco.cat\/index.php\/wp-json\/wp\/v2\/pages\/12\/revisions\/828"}],"wp:attachment":[{"href":"https:\/\/elnostreraco.cat\/index.php\/wp-json\/wp\/v2\/media?parent=12"}],"curies":[{"name":"wp","href":"https:\/\/api.w.org\/{rel}","templated":true}]}}